{"id":398,"date":"2018-10-26T09:37:03","date_gmt":"2018-10-26T09:37:03","guid":{"rendered":"https:\/\/pozitifhr.com\/?page_id=398"},"modified":"2023-03-06T01:45:06","modified_gmt":"2023-03-06T01:45:06","slug":"cv-gonder","status":"publish","type":"page","link":"https:\/\/pozitifhr.com\/en\/kariyer-merkezi\/cv-gonder\/","title":{"rendered":"Send CV"},"content":{"rendered":"<h2>\u00a0<\/h2>\r\n<h2><strong>Evaluate new business opportunities!<\/strong><\/h2>\r\n<p>&nbsp;<\/p>\r\n<p>\u0130\u015f aray\u0131\u015f\u0131n\u0131za destek olabilmemiz i\u00e7in CV&#8217;nizi <a href=\"mailto:info@workforce.com.tr\">ozge.hafizoglu@pozitifhr.com <\/a>and write any questions, comments and suggestions to us via our contact form.\u00a0<\/p>\r\n<p>&nbsp;<\/p>\r\n<h3>\u00a0<\/h3>\r\n<p>&nbsp;<\/p>\r\n<p>&nbsp;<\/p>\r\n<p>&nbsp;<\/p>\r\n<p>&nbsp;<\/p>","protected":false},"excerpt":{"rendered":"<p>\u00a0 Yeni i\u015f f\u0131rsatlar\u0131n\u0131 de\u011ferlendirin! &nbsp; \u0130\u015f aray\u0131\u015f\u0131n\u0131za destek olabilmemiz i\u00e7in CV&#8217;nizi ozge.hafizoglu@pozitifhr.com adresine g\u00f6nderebilir, her t\u00fcrl\u00fc soru, g\u00f6r\u00fc\u015f ve &hellip; <a href=\"https:\/\/pozitifhr.com\/en\/kariyer-merkezi\/cv-gonder\/\" class=\"more-link\">Continue reading <span class=\"screen-reader-text\">Send CV<\/span><\/a><\/p>","protected":false},"author":1,"featured_media":0,"parent":404,"menu_order":0,"comment_status":"closed","ping_status":"closed","template":"page-templates\/full-width.php","meta":{"footnotes":""},"class_list":["post-398","page","type-page","status-publish","hentry"],"jetpack_sharing_enabled":true,"jetpack_shortlink":"https:\/\/wp.me\/Paortv-6q","jetpack-related-posts":[],"_links":{"self":[{"href":"https:\/\/pozitifhr.com\/en\/wp-json\/wp\/v2\/pages\/398","targetHints":{"allow":["GET"]}}],"collection":[{"href":"https:\/\/pozitifhr.com\/en\/wp-json\/wp\/v2\/pages"}],"about":[{"href":"https:\/\/pozitifhr.com\/en\/wp-json\/wp\/v2\/types\/page"}],"author":[{"embeddable":true,"href":"https:\/\/pozitifhr.com\/en\/wp-json\/wp\/v2\/users\/1"}],"replies":[{"embeddable":true,"href":"https:\/\/pozitifhr.com\/en\/wp-json\/wp\/v2\/comments?post=398"}],"version-history":[{"count":18,"href":"https:\/\/pozitifhr.com\/en\/wp-json\/wp\/v2\/pages\/398\/revisions"}],"predecessor-version":[{"id":440,"href":"https:\/\/pozitifhr.com\/en\/wp-json\/wp\/v2\/pages\/398\/revisions\/440"}],"up":[{"embeddable":true,"href":"https:\/\/pozitifhr.com\/en\/wp-json\/wp\/v2\/pages\/404"}],"wp:attachment":[{"href":"https:\/\/pozitifhr.com\/en\/wp-json\/wp\/v2\/media?parent=398"}],"curies":[{"name":"wp","href":"https:\/\/api.w.org\/{rel}","templated":true}]}}