{"id":400,"date":"2018-10-26T09:37:03","date_gmt":"2018-10-26T09:37:03","guid":{"rendered":"https:\/\/pozitifhr.com\/?page_id=400"},"modified":"2018-12-03T11:44:30","modified_gmt":"2018-12-03T11:44:30","slug":"ise-alim-hizmetleri","status":"publish","type":"page","link":"https:\/\/pozitifhr.com\/en\/hizmetler\/ise-alim-hizmetleri\/","title":{"rendered":"Recruitment Solutions"},"content":{"rendered":"<pre><code>            &lt;img src=&quot;https:\/\/pozitifhr.com\/wp-content\/uploads\/2018\/10\/qtq80-a6xtKx.jpeg&quot; alt=&quot;qtq80-a6xtKx&quot; itemprop=&quot;image&quot; height=&quot;1440&quot; width=&quot;2174&quot; title=&quot;qtq80-a6xtKx&quot;  \/&gt;\n    &lt;h3&gt;&lt;\/h3&gt;       \n        As Pozitif HR team, we analyze the needs and expectations of our business partners in different sectors and provide professional recruitment services.\n<\/code><\/pre>\n<p>In every recruitment process, we prepare a boutique work plan that is specific to the position we work on and ensure a safe cooperation with continuous communication.<\/p>\n<h3>Planning<\/h3>\n<pre><code>        During the planning phase, we provide guidance on how appropriate candidate profiles should be in line with the strategies for the needs of our business partners.\n<\/code><\/pre>\n<ul>\n<li>Customer Demand<\/li>\n<li>Role-Specific Requirements<\/li>\n<li>Identifying Job Position<\/li>\n<\/ul>\n<pre><code>&lt;h3&gt;Implementation&lt;\/h3&gt;       \n        In the implementation phase, we try to reach the right candidates by using different recruitment methods depending on the strategies determined. We appraise appropriate candidates through interview processes and form the right candidate profile that is most suitable for the company. We also evaluate the cultural harmony between the company and the candidate.\n<\/code><\/pre>\n<ul>\n<li>Analysis and Research<\/li>\n<li>Creating Short List<\/li>\n<li>Interview Stage (One-to-One Interviews)<\/li>\n<li>Presentation of Candidates<\/li>\n<li>Customer Interview Management<\/li>\n<\/ul>\n<pre><code>&lt;h3&gt;Placement&lt;\/h3&gt;        \n        During the placement phase, we make reference controls about the candidates that our business partner has approved. During the reconciliation process, we act together with our business partner.\n<\/code><\/pre>\n<ul>\n<li>Reference Process<\/li>\n<li>Offer Stage<\/li>\n<li>Process Follow-Up<\/li>\n<li>Employee Integration<\/li>\n<\/ul>\n<pre><code>    &lt;h3&gt;&lt;\/h3&gt;\n    &lt;h3&gt;Good communication, trust and continuity are our greatest principles.&lt;\/h3&gt;\n<\/code><\/pre>\n<p>We aim to produce customized solutions for our business partners and bring them together with happy and productive employees.<br \/>\n            <a href=\"https:\/\/pozitifhr.com\/en\/bizimle-iletisim-kurun\/\" target=\"_blank\" role=\"button\" rel=\"noopener\" ><br \/>\n                        Get In Touch With Us<br \/>\n                    <\/a><\/p>","protected":false},"excerpt":{"rendered":"<p>&lt;img src=&quot;&rdquo;https:\/\/pozitifhr.com\/wp-content\/uploads\/2018\/10\/qtq80-a6xtKx.jpeg&rdquo;&quot; alt=&quot;&rdquo;qtq80-a6xtKx&rdquo;&quot; itemprop=&quot;&rdquo;image&rdquo;&quot; height=&quot;&rdquo;1440&Prime;&quot; width=&quot;&rdquo;2174&Prime;&quot; title=&quot;&rdquo;qtq80-a6xtKx&rdquo;&quot; \/&gt; &lt;h3&gt;&lt;\/h3&gt; Pozitif HR ekibi olarak, farkl\u0131 sekt&ouml;rlerdeki i\u015f ortaklar\u0131m\u0131z\u0131n ihtiya&ccedil;lar\u0131n\u0131 ve beklentilerini &hellip; <a href=\"https:\/\/pozitifhr.com\/en\/hizmetler\/ise-alim-hizmetleri\/\" class=\"more-link\">Continue reading <span class=\"screen-reader-text\">Recruitment Solutions<\/span><\/a><\/p>","protected":false},"author":1,"featured_media":0,"parent":158,"menu_order":0,"comment_status":"closed","ping_status":"closed","template":"","meta":{"footnotes":""},"class_list":["post-400","page","type-page","status-publish","hentry"],"jetpack_sharing_enabled":true,"jetpack_shortlink":"https:\/\/wp.me\/Paortv-6s","jetpack-related-posts":[],"_links":{"self":[{"href":"https:\/\/pozitifhr.com\/en\/wp-json\/wp\/v2\/pages\/400","targetHints":{"allow":["GET"]}}],"collection":[{"href":"https:\/\/pozitifhr.com\/en\/wp-json\/wp\/v2\/pages"}],"about":[{"href":"https:\/\/pozitifhr.com\/en\/wp-json\/wp\/v2\/types\/page"}],"author":[{"embeddable":true,"href":"https:\/\/pozitifhr.com\/en\/wp-json\/wp\/v2\/users\/1"}],"replies":[{"embeddable":true,"href":"https:\/\/pozitifhr.com\/en\/wp-json\/wp\/v2\/comments?post=400"}],"version-history":[{"count":22,"href":"https:\/\/pozitifhr.com\/en\/wp-json\/wp\/v2\/pages\/400\/revisions"}],"predecessor-version":[{"id":997,"href":"https:\/\/pozitifhr.com\/en\/wp-json\/wp\/v2\/pages\/400\/revisions\/997"}],"up":[{"embeddable":true,"href":"https:\/\/pozitifhr.com\/en\/wp-json\/wp\/v2\/pages\/158"}],"wp:attachment":[{"href":"https:\/\/pozitifhr.com\/en\/wp-json\/wp\/v2\/media?parent=400"}],"curies":[{"name":"wp","href":"https:\/\/api.w.org\/{rel}","templated":true}]}}