{"id":403,"date":"2018-10-26T09:37:03","date_gmt":"2018-10-26T09:37:03","guid":{"rendered":"https:\/\/pozitifhr.com\/?page_id=403"},"modified":"2019-12-23T03:51:11","modified_gmt":"2019-12-23T03:51:11","slug":"egitimler","status":"publish","type":"page","link":"https:\/\/pozitifhr.com\/en\/kariyer-merkezi\/egitimler\/","title":{"rendered":"Training &amp; Development"},"content":{"rendered":"<h1>Training &amp; Development<\/h1>\r\n<p><img data-recalc-dims=\"1\" decoding=\"async\" src=\"https:\/\/i0.wp.com\/pozitifhr.com\/wp-content\/uploads\/2018\/11\/adult-backlit-beach-320007-1.jpg?w=1140&#038;ssl=1\" alt=\"\" \/><\/p>\r\n<h2>There is no one who reaches perfection<\/h2>\r\n<h2>without making mistakes in the beginning.<\/h2>\r\n<p><img data-recalc-dims=\"1\" decoding=\"async\" src=\"https:\/\/i0.wp.com\/pozitifhr.com\/wp-content\/uploads\/2018\/12\/lion-193644_1920.jpg?w=1140&#038;ssl=1\" alt=\"\" \/><\/p>\r\n<h2>Don\u2019t wait for an opportunity. Create it.<\/h2>\r\n<h3><strong>Training Process Planning<\/strong><\/h3>\r\n<ol>\r\n<li>\r\n<h6>Training need analysis is conducted in line with the corporate vision, mission and strategies of our business partners<\/h6>\r\n<\/li>\r\n<li>\r\n<h6>Training content is determined and training plan is performed.<\/h6>\r\n<\/li>\r\n<li>\r\n<h6>Implementation and follow-up process.<\/h6>\r\n<\/li>\r\n<\/ol>\r\n<h3><strong>Our Training Subjects<\/strong><\/h3>\r\n<ul>\r\n<li>\r\n<h6>Retail and Merchandising Training<\/h6>\r\n<\/li>\r\n<li>\r\n<h6>Customer Service &amp; Complaint Management<\/h6>\r\n<\/li>\r\n<li>\r\n<h6>Sales Skills and Effective Customer Communication<\/h6>\r\n<\/li>\r\n<li>\r\n<h6>Persuasion Techniques and Telemarketing<\/h6>\r\n<\/li>\r\n<li>\r\n<h6>Developing Management Skills<\/h6>\r\n<\/li>\r\n<\/ul>\r\n<ul>\r\n<li>\r\n<h6>Team Building and Management<\/h6>\r\n<\/li>\r\n<li>\r\n<h6>Internal Communication<\/h6>\r\n<\/li>\r\n<li>\r\n<h6>Business Discipline and Time Management<\/h6>\r\n<\/li>\r\n<li>\r\n<h6>Conflict Management<\/h6>\r\n<\/li>\r\n<li>\r\n<h6>Motivation Techniques<\/h6>\r\n<\/li>\r\n<\/ul>\r\n<ul>\r\n<li>\r\n<h6>Emotional Intelligence at Work<\/h6>\r\n<\/li>\r\n<li>\r\n<h6>Effective Presentation Preparation<\/h6>\r\n<\/li>\r\n<li>\r\n<h6>Creative Thinking Techniques<\/h6>\r\n<\/li>\r\n<li>\r\n<h6>Data Analysis and Reporting in Excel<\/h6>\r\n<\/li>\r\n<li>\r\n<h6>Effective Communication<\/h6>\r\n<\/li>\r\n<\/ul>\r\n<h4>\u00a0<\/h4>\r\n<h5><strong>&#8221;Zorluklar\u0131 a\u015fman\u0131n tek yolu, yeni giri\u015fimlerde bulunmakt\u0131r.&#8221;<\/strong><\/h5>\r\n<p>E\u011fitimler hakk\u0131nda daha detayl\u0131 bilgi i\u00e7in&#8230;<\/p>\r\n<p><a role=\"button\" href=\"https:\/\/pozitifhr.com\/en\/bizimle-iletisim-kurun\/\" target=\"_blank\" rel=\"noopener noreferrer\"> Let Us Call You <\/a><\/p>","protected":false},"excerpt":{"rendered":"<p>E\u011fitimler Ba\u015flang\u0131\u00e7ta hata yapmadan, m\u00fckemmele ula\u015fan hi\u00e7 kimse yoktur. F\u0131rsat beklemeyin. F\u0131rsat yaratmak i\u00e7in u\u011fra\u015f\u0131n. E\u011fitim S\u00fcre\u00e7 Planlamas\u0131 \u0130\u015f ortaklar\u0131m\u0131z\u0131n &hellip; <a href=\"https:\/\/pozitifhr.com\/en\/kariyer-merkezi\/egitimler\/\" class=\"more-link\">Continue reading <span class=\"screen-reader-text\">Training &amp; Development<\/span><\/a><\/p>","protected":false},"author":1,"featured_media":0,"parent":404,"menu_order":0,"comment_status":"closed","ping_status":"closed","template":"page-templates\/full-width.php","meta":{"jetpack_post_was_ever_published":false,"footnotes":""},"class_list":["post-403","page","type-page","status-publish","hentry"],"jetpack_sharing_enabled":true,"jetpack_shortlink":"https:\/\/wp.me\/Paortv-6v","jetpack-related-posts":[],"_links":{"self":[{"href":"https:\/\/pozitifhr.com\/en\/wp-json\/wp\/v2\/pages\/403","targetHints":{"allow":["GET"]}}],"collection":[{"href":"https:\/\/pozitifhr.com\/en\/wp-json\/wp\/v2\/pages"}],"about":[{"href":"https:\/\/pozitifhr.com\/en\/wp-json\/wp\/v2\/types\/page"}],"author":[{"embeddable":true,"href":"https:\/\/pozitifhr.com\/en\/wp-json\/wp\/v2\/users\/1"}],"replies":[{"embeddable":true,"href":"https:\/\/pozitifhr.com\/en\/wp-json\/wp\/v2\/comments?post=403"}],"version-history":[{"count":26,"href":"https:\/\/pozitifhr.com\/en\/wp-json\/wp\/v2\/pages\/403\/revisions"}],"predecessor-version":[{"id":1138,"href":"https:\/\/pozitifhr.com\/en\/wp-json\/wp\/v2\/pages\/403\/revisions\/1138"}],"up":[{"embeddable":true,"href":"https:\/\/pozitifhr.com\/en\/wp-json\/wp\/v2\/pages\/404"}],"wp:attachment":[{"href":"https:\/\/pozitifhr.com\/en\/wp-json\/wp\/v2\/media?parent=403"}],"curies":[{"name":"wp","href":"https:\/\/api.w.org\/{rel}","templated":true}]}}