{"id":404,"date":"2018-10-26T09:37:03","date_gmt":"2018-10-26T09:37:03","guid":{"rendered":"https:\/\/pozitifhr.com\/?page_id=404"},"modified":"2023-03-06T08:27:48","modified_gmt":"2023-03-06T08:27:48","slug":"kariyer-merkezi","status":"publish","type":"page","link":"https:\/\/pozitifhr.com\/en\/kariyer-merkezi\/","title":{"rendered":"For Candidates"},"content":{"rendered":"<p><b>We're<\/b> <b>Here<\/b> <b>for Job Seeking<\/b> <b>Professionals!<\/b><b>!<\/b><\/p>\r\n<p>As Pozitif HR recruitment team, we strive to provide a reliable and sincere recruitment process for our candidates.<\/p>\r\n<p>We bring esteemed professionals together with the most suitable career opportunities from different sectors, including start-up to high-level positions. We're with you for any support you need, because it's important for us to reach your career goals.<\/p>\r\n<p>By adopting the 'Be the Best Version of Yourself' approach, we provide coaching and career counseling to our candidates by enabling them to explore their talents and increase their awareness.<b>.\u00a0<\/b><\/p>\r\n<p><a href=\"https:\/\/pozitifhr.com\/en\/hizmetler\/kocluk-programi-2\/\" target=\"_blank\" rel=\"noopener\"> <img data-recalc-dims=\"1\" loading=\"lazy\" decoding=\"async\" title=\"adventure-beauty-blonde-hair-725255 (3)\" src=\"https:\/\/i0.wp.com\/pozitifhr.com\/wp-content\/uploads\/2018\/11\/adventure-beauty-blonde-hair-725255-3.jpg?resize=1140%2C779&#038;ssl=1\" alt=\"adventure-beauty-blonde-hair-725255 (3)\" width=\"1140\" height=\"779\" \/> <\/a><\/p>\r\n<h3>Coaching<\/h3>\r\n<p><a href=\"https:\/\/pozitifhr.com\/en\/hizmetler\/kocluk-programi-2\/\" target=\"_blank\" rel=\"noopener\">Detaylar i\u00e7in&#8230;<\/a> <a href=\"https:\/\/pozitifhr.com\/en\/kariyer-merkezi\/haftalik-ik-notlari\/\" target=\"_blank\" rel=\"noopener\"> <img data-recalc-dims=\"1\" loading=\"lazy\" decoding=\"async\" title=\"action-energy-alternative-energy-background-1036936\" src=\"https:\/\/i0.wp.com\/pozitifhr.com\/wp-content\/uploads\/2018\/11\/action-energy-alternative-energy-background-1036936.jpg?resize=1140%2C760&#038;ssl=1\" alt=\"action-energy-alternative-energy-background-1036936\" width=\"1140\" height=\"760\" \/> <\/a><\/p>\r\n<h3>Career Counseling<\/h3>\r\n<p>\u00a0<a href=\"https:\/\/pozitifhr.com\/en\/kariyer-merkezi\/ozgecmis-hazirlama-ve-mulakat-danismanligi\/\" target=\"_blank\" rel=\"noopener\"><img data-recalc-dims=\"1\" loading=\"lazy\" decoding=\"async\" title=\"blurred-background-ceramic-ceramic-cup-851213\" src=\"https:\/\/i0.wp.com\/pozitifhr.com\/wp-content\/uploads\/2018\/11\/blurred-background-ceramic-ceramic-cup-851213.jpg?resize=1140%2C760&#038;ssl=1\" alt=\"blurred-background-ceramic-ceramic-cup-851213\" width=\"1140\" height=\"760\" \/> <\/a><\/p>\r\n<h3>CV Preparation and Interview Consultancy<\/h3>\r\n<p>&nbsp;<\/p>\r\n<h3>\u00a0<\/h3>\r\n<p><strong>Pozitif HR aday havuzuna dahil olmak i\u00e7in ozge.hafizoglu@pozitifhr.com adresine \u00f6zge\u00e7mi\u015finizi iletebilirsiniz.<\/strong><\/p>\r\n<p>&nbsp;<\/p>","protected":false},"excerpt":{"rendered":"<p>\u0130\u015f Arayan Profesyonellerin Yan\u0131nday\u0131z! Pozitif HR i\u015fe al\u0131m ekibi olarak, adaylar\u0131m\u0131za g\u00fcvenilir ve samimi bir i\u015fe al\u0131m s\u00fcreci ya\u015fatmak i\u00e7in &hellip; <a href=\"https:\/\/pozitifhr.com\/en\/kariyer-merkezi\/\" class=\"more-link\">Continue reading <span class=\"screen-reader-text\">For Candidates<\/span><\/a><\/p>","protected":false},"author":1,"featured_media":0,"parent":0,"menu_order":0,"comment_status":"closed","ping_status":"closed","template":"","meta":{"jetpack_post_was_ever_published":false,"footnotes":""},"class_list":["post-404","page","type-page","status-publish","hentry"],"jetpack_sharing_enabled":true,"jetpack_shortlink":"https:\/\/wp.me\/Paortv-6w","jetpack-related-posts":[],"_links":{"self":[{"href":"https:\/\/pozitifhr.com\/en\/wp-json\/wp\/v2\/pages\/404","targetHints":{"allow":["GET"]}}],"collection":[{"href":"https:\/\/pozitifhr.com\/en\/wp-json\/wp\/v2\/pages"}],"about":[{"href":"https:\/\/pozitifhr.com\/en\/wp-json\/wp\/v2\/types\/page"}],"author":[{"embeddable":true,"href":"https:\/\/pozitifhr.com\/en\/wp-json\/wp\/v2\/users\/1"}],"replies":[{"embeddable":true,"href":"https:\/\/pozitifhr.com\/en\/wp-json\/wp\/v2\/comments?post=404"}],"version-history":[{"count":29,"href":"https:\/\/pozitifhr.com\/en\/wp-json\/wp\/v2\/pages\/404\/revisions"}],"predecessor-version":[{"id":1186,"href":"https:\/\/pozitifhr.com\/en\/wp-json\/wp\/v2\/pages\/404\/revisions\/1186"}],"wp:attachment":[{"href":"https:\/\/pozitifhr.com\/en\/wp-json\/wp\/v2\/media?parent=404"}],"curies":[{"name":"wp","href":"https:\/\/api.w.org\/{rel}","templated":true}]}}