{"id":905,"date":"2018-11-23T13:55:48","date_gmt":"2018-11-23T13:55:48","guid":{"rendered":"https:\/\/pozitifhr.com\/?page_id=905"},"modified":"2023-03-06T08:52:10","modified_gmt":"2023-03-06T08:52:10","slug":"bizimle-iletisim-kurun","status":"publish","type":"page","link":"https:\/\/pozitifhr.com\/en\/bizimle-iletisim-kurun\/","title":{"rendered":"Contact Us"},"content":{"rendered":"<p><img data-recalc-dims=\"1\" loading=\"lazy\" decoding=\"async\" class=\"\" title=\"contact-us-2993000_1920m (2)m\" src=\"https:\/\/i0.wp.com\/pozitifhr.com\/wp-content\/uploads\/2018\/11\/contact-us-2993000_1920m-2m-2.jpg?resize=1073%2C255&#038;ssl=1\" alt=\"contact-us-2993000_1920m (2)m\" width=\"1073\" height=\"255\" \/><\/p>\r\n<h2>\u0130leti\u015fim Bilgilerimiz<\/h2>\r\n<p><strong>Email<\/strong>: ozge.hafizoglu@pozitifhr.com<\/p>\r\n<p><strong>Tel<\/strong>: 0532 176 20 82<\/p>\r\n<p><strong>Adres<\/strong>: G\u00f6ztepe Mah. \u00c7iftehavuzlar, Kad\u0131k\u00f6y, \u0130stanbul\/T\u00fcrkiye<\/p>\r\n<p>&nbsp;<\/p>\r\n<p><strong>Ki\u015fisel Verilerin Korunmas\u0131 ve Gizlilik Politikas\u0131<\/strong><\/p>\r\n<p><a role=\"button\" href=\"https:\/\/pozitifhr.com\/en\/veri-politikasi\/\" target=\"_blank\" rel=\"noopener\"> Veri Politikam\u0131z <\/a><\/p>","protected":false},"excerpt":{"rendered":"<p>\u0130leti\u015fim Bilgilerimiz Email: ozge.hafizoglu@pozitifhr.com Tel: 0532 176 20 82 Adres: G\u00f6ztepe Mah. \u00c7iftehavuzlar, Kad\u0131k\u00f6y, \u0130stanbul\/T\u00fcrkiye &nbsp; Ki\u015fisel Verilerin Korunmas\u0131 ve &hellip; <a href=\"https:\/\/pozitifhr.com\/en\/bizimle-iletisim-kurun\/\" class=\"more-link\">Continue reading <span class=\"screen-reader-text\">Contact Us<\/span><\/a><\/p>","protected":false},"author":1,"featured_media":0,"parent":0,"menu_order":0,"comment_status":"closed","ping_status":"closed","template":"","meta":{"jetpack_post_was_ever_published":false,"footnotes":""},"class_list":["post-905","page","type-page","status-publish","hentry"],"jetpack_sharing_enabled":true,"jetpack_shortlink":"https:\/\/wp.me\/Paortv-eB","jetpack-related-posts":[],"_links":{"self":[{"href":"https:\/\/pozitifhr.com\/en\/wp-json\/wp\/v2\/pages\/905","targetHints":{"allow":["GET"]}}],"collection":[{"href":"https:\/\/pozitifhr.com\/en\/wp-json\/wp\/v2\/pages"}],"about":[{"href":"https:\/\/pozitifhr.com\/en\/wp-json\/wp\/v2\/types\/page"}],"author":[{"embeddable":true,"href":"https:\/\/pozitifhr.com\/en\/wp-json\/wp\/v2\/users\/1"}],"replies":[{"embeddable":true,"href":"https:\/\/pozitifhr.com\/en\/wp-json\/wp\/v2\/comments?post=905"}],"version-history":[{"count":30,"href":"https:\/\/pozitifhr.com\/en\/wp-json\/wp\/v2\/pages\/905\/revisions"}],"predecessor-version":[{"id":1193,"href":"https:\/\/pozitifhr.com\/en\/wp-json\/wp\/v2\/pages\/905\/revisions\/1193"}],"wp:attachment":[{"href":"https:\/\/pozitifhr.com\/en\/wp-json\/wp\/v2\/media?parent=905"}],"curies":[{"name":"wp","href":"https:\/\/api.w.org\/{rel}","templated":true}]}}